{"id":3727,"date":"2026-05-05T13:44:27","date_gmt":"2026-05-05T13:44:27","guid":{"rendered":"https:\/\/www.magyarkeresztur.hu\/?page_id=3727"},"modified":"2026-05-05T13:44:57","modified_gmt":"2026-05-05T13:44:57","slug":"hatosagi-hirdetmenyek","status":"publish","type":"page","link":"https:\/\/www.magyarkeresztur.hu\/?page_id=3727","title":{"rendered":"Hat\u00f3s\u00e1gi hirdetm\u00e9nyek"},"content":{"rendered":"\t\t<div data-elementor-type=\"wp-page\" data-elementor-id=\"3727\" class=\"elementor elementor-3727\" data-elementor-settings=\"{&quot;ha_cmc_init_switcher&quot;:&quot;no&quot;}\">\n\t\t\t\t<div class=\"elementor-element elementor-element-efc480e e-flex e-con-boxed e-con e-parent\" data-id=\"efc480e\" data-element_type=\"container\" data-settings=\"{&quot;_ha_eqh_enable&quot;:false}\">\n\t\t\t\t\t<div class=\"e-con-inner\">\n\t\t\t\t<div class=\"elementor-element elementor-element-6e25cdb elementor-widget elementor-widget-heading\" data-id=\"6e25cdb\" data-element_type=\"widget\" data-widget_type=\"heading.default\">\n\t\t\t\t\t<h2 class=\"elementor-heading-title elementor-size-default\">Hat\u00f3s\u00e1gi hirdetm\u00e9nyek<\/h2>\t\t\t\t<\/div>\n\t\t\t\t\t<\/div>\n\t\t\t\t<\/div>\n\t\t<div class=\"elementor-element elementor-element-61de26a e-flex e-con-boxed e-con e-parent\" data-id=\"61de26a\" data-element_type=\"container\" data-settings=\"{&quot;_ha_eqh_enable&quot;:false}\">\n\t\t\t\t\t<div class=\"e-con-inner\">\n\t\t\t\t<div class=\"elementor-element elementor-element-04d721b elementor-widget elementor-widget-spacer\" data-id=\"04d721b\" data-element_type=\"widget\" data-widget_type=\"spacer.default\">\n\t\t\t\t\t\t\t<div class=\"elementor-spacer\">\n\t\t\t<div class=\"elementor-spacer-inner\"><\/div>\n\t\t<\/div>\n\t\t\t\t\t\t<\/div>\n\t\t\t\t\t<\/div>\n\t\t\t\t<\/div>\n\t\t<div class=\"elementor-element elementor-element-dc2aa71 e-flex e-con-boxed e-con e-parent\" data-id=\"dc2aa71\" data-element_type=\"container\" data-settings=\"{&quot;_ha_eqh_enable&quot;:false}\">\n\t\t\t\t\t<div class=\"e-con-inner\">\n\t\t<div class=\"elementor-element elementor-element-cd9a725 e-con-full e-flex e-con e-child\" data-id=\"cd9a725\" data-element_type=\"container\" data-settings=\"{&quot;_ha_eqh_enable&quot;:false}\">\n\t\t\t\t<div class=\"elementor-element elementor-element-3c2e346 elementor-widget elementor-widget-text-editor\" data-id=\"3c2e346\" data-element_type=\"widget\" data-widget_type=\"text-editor.default\">\n\t\t\t\t\t\t\t\t\t<p><strong>INGATLAN \u00c1RVER\u00c9SI HIRDETM\u00c9NYEK<\/strong><\/p>\t\t\t\t\t\t\t\t<\/div>\n\t\t\t\t<\/div>\n\t\t<div class=\"elementor-element elementor-element-bd1bc68 e-con-full e-flex e-con e-child\" data-id=\"bd1bc68\" data-element_type=\"container\" data-settings=\"{&quot;_ha_eqh_enable&quot;:false}\">\n\t\t\t\t<div class=\"elementor-element elementor-element-d16b994 elementor-list-item-link-full_width elementor-widget elementor-widget-icon-list\" data-id=\"d16b994\" data-element_type=\"widget\" data-widget_type=\"icon-list.default\">\n\t\t\t\t\t\t\t<ul class=\"elementor-icon-list-items\">\n\t\t\t\t\t\t\t<li class=\"elementor-icon-list-item\">\n\t\t\t\t\t\t\t\t\t\t\t<a href=\"https:\/\/www.magyarkeresztur.hu\/wp-content\/uploads\/2026\/05\/Arveresi-hirdetmeny_Magyarkeresztur-312_969-3.pdf\" target=\"_blank\">\n\n\t\t\t\t\t\t\t\t\t\t\t\t<span class=\"elementor-icon-list-icon\">\n\t\t\t\t\t\t\t<svg aria-hidden=\"true\" class=\"e-font-icon-svg e-fas-file-pdf\" viewBox=\"0 0 384 512\" xmlns=\"http:\/\/www.w3.org\/2000\/svg\"><path d=\"M181.9 256.1c-5-16-4.9-46.9-2-46.9 8.4 0 7.6 36.9 2 46.9zm-1.7 47.2c-7.7 20.2-17.3 43.3-28.4 62.7 18.3-7 39-17.2 62.9-21.9-12.7-9.6-24.9-23.4-34.5-40.8zM86.1 428.1c0 .8 13.2-5.4 34.9-40.2-6.7 6.3-29.1 24.5-34.9 40.2zM248 160h136v328c0 13.3-10.7 24-24 24H24c-13.3 0-24-10.7-24-24V24C0 10.7 10.7 0 24 0h200v136c0 13.2 10.8 24 24 24zm-8 171.8c-20-12.2-33.3-29-42.7-53.8 4.5-18.5 11.6-46.6 6.2-64.2-4.7-29.4-42.4-26.5-47.8-6.8-5 18.3-.4 44.1 8.1 77-11.6 27.6-28.7 64.6-40.8 85.8-.1 0-.1.1-.2.1-27.1 13.9-73.6 44.5-54.5 68 5.6 6.9 16 10 21.5 10 17.9 0 35.7-18 61.1-61.8 25.8-8.5 54.1-19.1 79-23.2 21.7 11.8 47.1 19.5 64 19.5 29.2 0 31.2-32 19.7-43.4-13.9-13.6-54.3-9.7-73.6-7.2zM377 105L279 7c-4.5-4.5-10.6-7-17-7h-6v128h128v-6.1c0-6.3-2.5-12.4-7-16.9zm-74.1 255.3c4.1-2.7-2.5-11.9-42.8-9 37.1 15.8 42.8 9 42.8 9z\"><\/path><\/svg>\t\t\t\t\t\t<\/span>\n\t\t\t\t\t\t\t\t\t\t<span class=\"elementor-icon-list-text\">INGATLAN\u00c1RVER\u00c9SI HIRDETM\u00c9NY \u2013 GY\/36\/00969-3\/2026 \u2013 <br>9346 Magyarkereszt\u00far, 312 hrsz.<\/span>\n\t\t\t\t\t\t\t\t\t\t\t<\/a>\n\t\t\t\t\t\t\t\t\t<\/li>\n\t\t\t\t\t\t<\/ul>\n\t\t\t\t\t\t<\/div>\n\t\t\t\t<\/div>\n\t\t\t\t\t<\/div>\n\t\t\t\t<\/div>\n\t\t\t\t<\/div>\n\t\t","protected":false},"excerpt":{"rendered":"<p>Hat\u00f3s\u00e1gi hirdetm\u00e9nyek INGATLAN \u00c1RVER\u00c9SI HIRDETM\u00c9NYEK INGATLAN\u00c1RVER\u00c9SI HIRDETM\u00c9NY \u2013 GY\/36\/00969-3\/2026 \u2013 9346 Magyarkereszt\u00far, 312 hrsz.<\/p>\n","protected":false},"author":1,"featured_media":0,"parent":0,"menu_order":0,"comment_status":"closed","ping_status":"closed","template":"","meta":{"zakra_page_container_layout":"customizer","zakra_page_sidebar_layout":"customizer","zakra_remove_content_margin":false,"zakra_sidebar":"customizer","zakra_transparent_header":"customizer","zakra_logo":0,"zakra_main_header_style":"default","zakra_menu_item_color":"","zakra_menu_item_hover_color":"","zakra_menu_item_active_color":"","zakra_menu_active_style":"","zakra_page_header":true,"footnotes":""},"class_list":["post-3727","page","type-page","status-publish","hentry"],"rttpg_featured_image_url":null,"rttpg_author":{"display_name":"mkr_admin","author_link":"https:\/\/www.magyarkeresztur.hu\/?author=1"},"rttpg_comment":0,"rttpg_category":null,"rttpg_excerpt":"Hat\u00f3s\u00e1gi hirdetm\u00e9nyek INGATLAN \u00c1RVER\u00c9SI HIRDETM\u00c9NYEK INGATLAN\u00c1RVER\u00c9SI HIRDETM\u00c9NY \u2013 GY\/36\/00969-3\/2026 \u2013 9346 Magyarkereszt\u00far, 312 hrsz.","_links":{"self":[{"href":"https:\/\/www.magyarkeresztur.hu\/index.php?rest_route=\/wp\/v2\/pages\/3727","targetHints":{"allow":["GET"]}}],"collection":[{"href":"https:\/\/www.magyarkeresztur.hu\/index.php?rest_route=\/wp\/v2\/pages"}],"about":[{"href":"https:\/\/www.magyarkeresztur.hu\/index.php?rest_route=\/wp\/v2\/types\/page"}],"author":[{"embeddable":true,"href":"https:\/\/www.magyarkeresztur.hu\/index.php?rest_route=\/wp\/v2\/users\/1"}],"replies":[{"embeddable":true,"href":"https:\/\/www.magyarkeresztur.hu\/index.php?rest_route=%2Fwp%2Fv2%2Fcomments&post=3727"}],"version-history":[{"count":4,"href":"https:\/\/www.magyarkeresztur.hu\/index.php?rest_route=\/wp\/v2\/pages\/3727\/revisions"}],"predecessor-version":[{"id":3732,"href":"https:\/\/www.magyarkeresztur.hu\/index.php?rest_route=\/wp\/v2\/pages\/3727\/revisions\/3732"}],"wp:attachment":[{"href":"https:\/\/www.magyarkeresztur.hu\/index.php?rest_route=%2Fwp%2Fv2%2Fmedia&parent=3727"}],"curies":[{"name":"wp","href":"https:\/\/api.w.org\/{rel}","templated":true}]}}