{"id":3712,"date":"2026-04-20T12:13:49","date_gmt":"2026-04-20T12:13:49","guid":{"rendered":"https:\/\/www.magyarkeresztur.hu\/?page_id=3712"},"modified":"2026-04-22T06:59:53","modified_gmt":"2026-04-22T06:59:53","slug":"civilszervezetek","status":"publish","type":"page","link":"https:\/\/www.magyarkeresztur.hu\/?page_id=3712","title":{"rendered":"Civilszervezetek"},"content":{"rendered":"\t\t<div data-elementor-type=\"wp-page\" data-elementor-id=\"3712\" class=\"elementor elementor-3712\" data-elementor-settings=\"{&quot;ha_cmc_init_switcher&quot;:&quot;no&quot;}\">\n\t\t\t\t<div class=\"elementor-element elementor-element-4b303b1 e-flex e-con-boxed e-con e-parent\" data-id=\"4b303b1\" data-element_type=\"container\" data-settings=\"{&quot;_ha_eqh_enable&quot;:false}\">\n\t\t\t\t\t<div class=\"e-con-inner\">\n\t\t\t\t<div class=\"elementor-element elementor-element-3eef53f elementor-widget elementor-widget-heading\" data-id=\"3eef53f\" data-element_type=\"widget\" data-widget_type=\"heading.default\">\n\t\t\t\t\t<h2 class=\"elementor-heading-title elementor-size-default\">Civilszervezetek<\/h2>\t\t\t\t<\/div>\n\t\t\t\t\t<\/div>\n\t\t\t\t<\/div>\n\t\t<div class=\"elementor-element elementor-element-2176dea e-flex e-con-boxed e-con e-parent\" data-id=\"2176dea\" data-element_type=\"container\" data-settings=\"{&quot;_ha_eqh_enable&quot;:false}\">\n\t\t\t\t\t<div class=\"e-con-inner\">\n\t\t<div class=\"elementor-element elementor-element-36306ed e-con-full e-flex e-con e-child\" data-id=\"36306ed\" data-element_type=\"container\" data-settings=\"{&quot;_ha_eqh_enable&quot;:false}\">\n\t\t\t\t<div class=\"elementor-element elementor-element-474810e elementor-view-default elementor-position-top elementor-mobile-position-top elementor-widget elementor-widget-icon-box\" data-id=\"474810e\" data-element_type=\"widget\" data-widget_type=\"icon-box.default\">\n\t\t\t\t\t\t\t<div class=\"elementor-icon-box-wrapper\">\n\n\t\t\t\t\t\t<div class=\"elementor-icon-box-icon\">\n\t\t\t\t<span  class=\"elementor-icon\">\n\t\t\t\t<i aria-hidden=\"true\" class=\"huge huge-police-car\"><\/i>\t\t\t\t<\/span>\n\t\t\t<\/div>\n\t\t\t\n\t\t\t\t\t\t<div class=\"elementor-icon-box-content\">\n\n\t\t\t\t\t\t\t\t\t<h3 class=\"elementor-icon-box-title\">\n\t\t\t\t\t\t<span  >\n\t\t\t\t\t\t\tMagyarkereszt\u00far Polg\u00e1r\u0151r Egyes\u00fclet\t\t\t\t\t\t<\/span>\n\t\t\t\t\t<\/h3>\n\t\t\t\t\n\t\t\t\t\t\t\t\t\t<p class=\"elementor-icon-box-description\">\n\t\t\t\t\t\tAd\u00f3sz\u00e1m: <br>19062901-1-08<br> <br>\n\t\t\t\t\t<\/p>\n\t\t\t\t\n\t\t\t<\/div>\n\t\t\t\n\t\t<\/div>\n\t\t\t\t\t\t<\/div>\n\t\t\t\t<\/div>\n\t\t<div class=\"elementor-element elementor-element-02de877 e-con-full e-flex e-con e-child\" data-id=\"02de877\" data-element_type=\"container\" data-settings=\"{&quot;_ha_eqh_enable&quot;:false}\">\n\t\t\t\t<div class=\"elementor-element elementor-element-59e58f5 elementor-view-default elementor-position-top elementor-mobile-position-top elementor-widget elementor-widget-icon-box\" data-id=\"59e58f5\" data-element_type=\"widget\" data-widget_type=\"icon-box.default\">\n\t\t\t\t\t\t\t<div class=\"elementor-icon-box-wrapper\">\n\n\t\t\t\t\t\t<div class=\"elementor-icon-box-icon\">\n\t\t\t\t<span  class=\"elementor-icon\">\n\t\t\t\t<i aria-hidden=\"true\" class=\"huge huge-football\"><\/i>\t\t\t\t<\/span>\n\t\t\t<\/div>\n\t\t\t\n\t\t\t\t\t\t<div class=\"elementor-icon-box-content\">\n\n\t\t\t\t\t\t\t\t\t<h3 class=\"elementor-icon-box-title\">\n\t\t\t\t\t\t<span  >\n\t\t\t\t\t\t\tMagyarkereszt\u00far K\u00f6zs\u00e9gi Sport Egyes\u00fclet\t\t\t\t\t\t<\/span>\n\t\t\t\t\t<\/h3>\n\t\t\t\t\n\t\t\t\t\t\t\t\t\t<p class=\"elementor-icon-box-description\">\n\t\t\t\t\t\tAd\u00f3sz\u00e1m: <br>18539374-1-08<br> <br>\n\t\t\t\t\t<\/p>\n\t\t\t\t\n\t\t\t<\/div>\n\t\t\t\n\t\t<\/div>\n\t\t\t\t\t\t<\/div>\n\t\t\t\t<\/div>\n\t\t<div class=\"elementor-element elementor-element-ff9488d e-con-full e-flex e-con e-child\" data-id=\"ff9488d\" data-element_type=\"container\" data-settings=\"{&quot;_ha_eqh_enable&quot;:false}\">\n\t\t\t\t<div class=\"elementor-element elementor-element-e0b5c3b elementor-view-default elementor-position-top elementor-mobile-position-top elementor-widget elementor-widget-icon-box\" data-id=\"e0b5c3b\" data-element_type=\"widget\" data-widget_type=\"icon-box.default\">\n\t\t\t\t\t\t\t<div class=\"elementor-icon-box-wrapper\">\n\n\t\t\t\t\t\t<div class=\"elementor-icon-box-icon\">\n\t\t\t\t<span  class=\"elementor-icon\">\n\t\t\t\t<i aria-hidden=\"true\" class=\"huge huge-firewall\"><\/i>\t\t\t\t<\/span>\n\t\t\t<\/div>\n\t\t\t\n\t\t\t\t\t\t<div class=\"elementor-icon-box-content\">\n\n\t\t\t\t\t\t\t\t\t<h3 class=\"elementor-icon-box-title\">\n\t\t\t\t\t\t<span  >\n\t\t\t\t\t\t\tNagy Istv\u00e1n \u00d6nk\u00e9ntes<br> T\u0171zolt\u00f3 Egyes\u00fclet\t\t\t\t\t\t<\/span>\n\t\t\t\t\t<\/h3>\n\t\t\t\t\n\t\t\t\t\t\t\t\t\t<p class=\"elementor-icon-box-description\">\n\t\t\t\t\t\tAd\u00f3sz\u00e1m: <br>19249894-1-08<br> <br>\n\t\t\t\t\t<\/p>\n\t\t\t\t\n\t\t\t<\/div>\n\t\t\t\n\t\t<\/div>\n\t\t\t\t\t\t<\/div>\n\t\t\t\t<\/div>\n\t\t\t\t\t<\/div>\n\t\t\t\t<\/div>\n\t\t\t\t<\/div>\n\t\t","protected":false},"excerpt":{"rendered":"<p>Civilszervezetek Magyarkereszt\u00far Polg\u00e1r\u0151r Egyes\u00fclet Ad\u00f3sz\u00e1m: 19062901-1-08 Magyarkereszt\u00far K\u00f6zs\u00e9gi Sport Egyes\u00fclet Ad\u00f3sz\u00e1m: 18539374-1-08 Nagy Istv\u00e1n \u00d6nk\u00e9ntes T\u0171zolt\u00f3 Egyes\u00fclet Ad\u00f3sz\u00e1m: 19249894-1-08<\/p>\n","protected":false},"author":1,"featured_media":0,"parent":0,"menu_order":0,"comment_status":"closed","ping_status":"closed","template":"","meta":{"zakra_page_container_layout":"customizer","zakra_page_sidebar_layout":"customizer","zakra_remove_content_margin":false,"zakra_sidebar":"customizer","zakra_transparent_header":"customizer","zakra_logo":0,"zakra_main_header_style":"default","zakra_menu_item_color":"","zakra_menu_item_hover_color":"","zakra_menu_item_active_color":"","zakra_menu_active_style":"","zakra_page_header":true,"footnotes":""},"class_list":["post-3712","page","type-page","status-publish","hentry"],"rttpg_featured_image_url":null,"rttpg_author":{"display_name":"mkr_admin","author_link":"https:\/\/www.magyarkeresztur.hu\/?author=1"},"rttpg_comment":0,"rttpg_category":null,"rttpg_excerpt":"Civilszervezetek Magyarkereszt\u00far Polg\u00e1r\u0151r Egyes\u00fclet Ad\u00f3sz\u00e1m: 19062901-1-08 Magyarkereszt\u00far K\u00f6zs\u00e9gi Sport Egyes\u00fclet Ad\u00f3sz\u00e1m: 18539374-1-08 Nagy Istv\u00e1n \u00d6nk\u00e9ntes T\u0171zolt\u00f3 Egyes\u00fclet Ad\u00f3sz\u00e1m: 19249894-1-08","_links":{"self":[{"href":"https:\/\/www.magyarkeresztur.hu\/index.php?rest_route=\/wp\/v2\/pages\/3712","targetHints":{"allow":["GET"]}}],"collection":[{"href":"https:\/\/www.magyarkeresztur.hu\/index.php?rest_route=\/wp\/v2\/pages"}],"about":[{"href":"https:\/\/www.magyarkeresztur.hu\/index.php?rest_route=\/wp\/v2\/types\/page"}],"author":[{"embeddable":true,"href":"https:\/\/www.magyarkeresztur.hu\/index.php?rest_route=\/wp\/v2\/users\/1"}],"replies":[{"embeddable":true,"href":"https:\/\/www.magyarkeresztur.hu\/index.php?rest_route=%2Fwp%2Fv2%2Fcomments&post=3712"}],"version-history":[{"count":11,"href":"https:\/\/www.magyarkeresztur.hu\/index.php?rest_route=\/wp\/v2\/pages\/3712\/revisions"}],"predecessor-version":[{"id":3725,"href":"https:\/\/www.magyarkeresztur.hu\/index.php?rest_route=\/wp\/v2\/pages\/3712\/revisions\/3725"}],"wp:attachment":[{"href":"https:\/\/www.magyarkeresztur.hu\/index.php?rest_route=%2Fwp%2Fv2%2Fmedia&parent=3712"}],"curies":[{"name":"wp","href":"https:\/\/api.w.org\/{rel}","templated":true}]}}