{"id":3457,"date":"2025-09-04T06:57:27","date_gmt":"2025-09-04T06:57:27","guid":{"rendered":"https:\/\/www.magyarkeresztur.hu\/?page_id=3457"},"modified":"2025-09-04T07:01:57","modified_gmt":"2025-09-04T07:01:57","slug":"falunap-es-horgaszverseny-2025-08-23","status":"publish","type":"page","link":"https:\/\/www.magyarkeresztur.hu\/?page_id=3457","title":{"rendered":"Falunap, Horg\u00e1szverseny \u00e9s Traktoros felvonul\u00e1s &#8211; 2025.08.23."},"content":{"rendered":"\t\t<div data-elementor-type=\"wp-page\" data-elementor-id=\"3457\" class=\"elementor elementor-3457\" data-elementor-settings=\"{&quot;ha_cmc_init_switcher&quot;:&quot;no&quot;}\">\n\t\t\t\t<div class=\"elementor-element elementor-element-07a2cc4 e-flex e-con-boxed e-con e-parent\" data-id=\"07a2cc4\" data-element_type=\"container\" data-settings=\"{&quot;_ha_eqh_enable&quot;:false}\">\n\t\t\t\t\t<div class=\"e-con-inner\">\n\t\t\t\t<div class=\"elementor-element elementor-element-a7ba16c elementor-widget elementor-widget-heading\" data-id=\"a7ba16c\" data-element_type=\"widget\" data-widget_type=\"heading.default\">\n\t\t\t\t\t<h2 class=\"elementor-heading-title elementor-size-default\">Falunap, Horg\u00e1szverseny \u00e9s Traktoros felvonul\u00e1s - 2025.08.23.<\/h2>\t\t\t\t<\/div>\n\t\t\t\t\t<\/div>\n\t\t\t\t<\/div>\n\t\t<div class=\"elementor-element elementor-element-3813d5d e-flex e-con-boxed e-con e-parent\" data-id=\"3813d5d\" data-element_type=\"container\" data-settings=\"{&quot;_ha_eqh_enable&quot;:false}\">\n\t\t\t\t\t<div class=\"e-con-inner\">\n\t\t\t\t\t<\/div>\n\t\t\t\t<\/div>\n\t\t<div class=\"elementor-element elementor-element-ecee310 e-flex e-con-boxed e-con e-parent\" data-id=\"ecee310\" data-element_type=\"container\" data-settings=\"{&quot;_ha_eqh_enable&quot;:false}\">\n\t\t\t\t\t<div class=\"e-con-inner\">\n\t\t\t\t<div class=\"elementor-element elementor-element-0b4a8fe ha-image-grid--masonry elementor-widget elementor-widget-ha-image-grid happy-addon ha-image-grid\" data-id=\"0b4a8fe\" data-element_type=\"widget\" data-settings=\"{&quot;layout&quot;:&quot;masonry&quot;,&quot;enable_popup&quot;:&quot;yes&quot;}\" data-widget_type=\"ha-image-grid.default\">\n\t\t\t\t\t\n\t\t<div class=\"ha-image-grid__wrap hajs-isotope ha-lightbox--has\">\n\t\t\t\t\t\t\t\n\t\t\t\t<a href=\"#\" data-mfp-src=\"https:\/\/www.magyarkeresztur.hu\/wp-content\/uploads\/2025\/09\/20250823_01-1024x683.jpg\" class=\"ha-image-grid__item ha-js-lightbox __fltr-1\">\n\t\t\t\t\t<img fetchpriority=\"high\" decoding=\"async\" width=\"768\" height=\"512\" src=\"https:\/\/www.magyarkeresztur.hu\/wp-content\/uploads\/2025\/09\/20250823_01-768x512.jpg\" class=\"elementor-animation-grow\" alt=\"\" srcset=\"https:\/\/www.magyarkeresztur.hu\/wp-content\/uploads\/2025\/09\/20250823_01-768x512.jpg 768w, https:\/\/www.magyarkeresztur.hu\/wp-content\/uploads\/2025\/09\/20250823_01-300x200.jpg 300w, https:\/\/www.magyarkeresztur.hu\/wp-content\/uploads\/2025\/09\/20250823_01-1024x683.jpg 1024w, https:\/\/www.magyarkeresztur.hu\/wp-content\/uploads\/2025\/09\/20250823_01-1536x1025.jpg 1536w, https:\/\/www.magyarkeresztur.hu\/wp-content\/uploads\/2025\/09\/20250823_01.jpg 2048w\" sizes=\"(max-width: 768px) 100vw, 768px\" \/>\t\t\t\t<\/a>\n\t\t\t\t\t\t\t\n\t\t\t\t<a href=\"#\" data-mfp-src=\"https:\/\/www.magyarkeresztur.hu\/wp-content\/uploads\/2025\/09\/20250823_02-768x1024.jpg\" class=\"ha-image-grid__item ha-js-lightbox __fltr-1\">\n\t\t\t\t\t<img decoding=\"async\" width=\"768\" height=\"1024\" src=\"https:\/\/www.magyarkeresztur.hu\/wp-content\/uploads\/2025\/09\/20250823_02-768x1024.jpg\" class=\"elementor-animation-grow\" alt=\"\" srcset=\"https:\/\/www.magyarkeresztur.hu\/wp-content\/uploads\/2025\/09\/20250823_02-768x1024.jpg 768w, https:\/\/www.magyarkeresztur.hu\/wp-content\/uploads\/2025\/09\/20250823_02-225x300.jpg 225w, https:\/\/www.magyarkeresztur.hu\/wp-content\/uploads\/2025\/09\/20250823_02-1152x1536.jpg 1152w, https:\/\/www.magyarkeresztur.hu\/wp-content\/uploads\/2025\/09\/20250823_02.jpg 1536w\" sizes=\"(max-width: 768px) 100vw, 768px\" \/>\t\t\t\t<\/a>\n\t\t\t\t\t\t\t\n\t\t\t\t<a href=\"#\" data-mfp-src=\"https:\/\/www.magyarkeresztur.hu\/wp-content\/uploads\/2025\/09\/20250823_08-1024x461.jpg\" class=\"ha-image-grid__item ha-js-lightbox __fltr-1\">\n\t\t\t\t\t<img decoding=\"async\" width=\"768\" height=\"346\" src=\"https:\/\/www.magyarkeresztur.hu\/wp-content\/uploads\/2025\/09\/20250823_08-768x346.jpg\" class=\"elementor-animation-grow\" alt=\"\" srcset=\"https:\/\/www.magyarkeresztur.hu\/wp-content\/uploads\/2025\/09\/20250823_08-768x346.jpg 768w, https:\/\/www.magyarkeresztur.hu\/wp-content\/uploads\/2025\/09\/20250823_08-300x135.jpg 300w, https:\/\/www.magyarkeresztur.hu\/wp-content\/uploads\/2025\/09\/20250823_08-1024x461.jpg 1024w, https:\/\/www.magyarkeresztur.hu\/wp-content\/uploads\/2025\/09\/20250823_08-1536x691.jpg 1536w, https:\/\/www.magyarkeresztur.hu\/wp-content\/uploads\/2025\/09\/20250823_08-2048x922.jpg 2048w\" sizes=\"(max-width: 768px) 100vw, 768px\" \/>\t\t\t\t<\/a>\n\t\t\t\t\t\t\t\n\t\t\t\t<a href=\"#\" data-mfp-src=\"https:\/\/www.magyarkeresztur.hu\/wp-content\/uploads\/2025\/09\/20250823_07-1024x461.jpg\" class=\"ha-image-grid__item ha-js-lightbox __fltr-1\">\n\t\t\t\t\t<img loading=\"lazy\" decoding=\"async\" width=\"768\" height=\"346\" src=\"https:\/\/www.magyarkeresztur.hu\/wp-content\/uploads\/2025\/09\/20250823_07-768x346.jpg\" class=\"elementor-animation-grow\" alt=\"\" srcset=\"https:\/\/www.magyarkeresztur.hu\/wp-content\/uploads\/2025\/09\/20250823_07-768x346.jpg 768w, https:\/\/www.magyarkeresztur.hu\/wp-content\/uploads\/2025\/09\/20250823_07-300x135.jpg 300w, https:\/\/www.magyarkeresztur.hu\/wp-content\/uploads\/2025\/09\/20250823_07-1024x461.jpg 1024w, https:\/\/www.magyarkeresztur.hu\/wp-content\/uploads\/2025\/09\/20250823_07-1536x691.jpg 1536w, https:\/\/www.magyarkeresztur.hu\/wp-content\/uploads\/2025\/09\/20250823_07-2048x922.jpg 2048w\" sizes=\"(max-width: 768px) 100vw, 768px\" \/>\t\t\t\t<\/a>\n\t\t\t\t\t\t\t\n\t\t\t\t<a href=\"#\" data-mfp-src=\"https:\/\/www.magyarkeresztur.hu\/wp-content\/uploads\/2025\/09\/20250823_09-768x1024.jpg\" class=\"ha-image-grid__item ha-js-lightbox __fltr-1\">\n\t\t\t\t\t<img loading=\"lazy\" decoding=\"async\" width=\"768\" height=\"1024\" src=\"https:\/\/www.magyarkeresztur.hu\/wp-content\/uploads\/2025\/09\/20250823_09-768x1024.jpg\" class=\"elementor-animation-grow\" alt=\"\" srcset=\"https:\/\/www.magyarkeresztur.hu\/wp-content\/uploads\/2025\/09\/20250823_09-768x1024.jpg 768w, https:\/\/www.magyarkeresztur.hu\/wp-content\/uploads\/2025\/09\/20250823_09-225x300.jpg 225w, https:\/\/www.magyarkeresztur.hu\/wp-content\/uploads\/2025\/09\/20250823_09-1152x1536.jpg 1152w, https:\/\/www.magyarkeresztur.hu\/wp-content\/uploads\/2025\/09\/20250823_09.jpg 1536w\" sizes=\"(max-width: 768px) 100vw, 768px\" \/>\t\t\t\t<\/a>\n\t\t\t\t\t\t\t\n\t\t\t\t<a href=\"#\" data-mfp-src=\"https:\/\/www.magyarkeresztur.hu\/wp-content\/uploads\/2025\/09\/20250823_05-1024x683.jpg\" class=\"ha-image-grid__item ha-js-lightbox __fltr-1\">\n\t\t\t\t\t<img loading=\"lazy\" decoding=\"async\" width=\"768\" height=\"512\" src=\"https:\/\/www.magyarkeresztur.hu\/wp-content\/uploads\/2025\/09\/20250823_05-768x512.jpg\" class=\"elementor-animation-grow\" alt=\"\" srcset=\"https:\/\/www.magyarkeresztur.hu\/wp-content\/uploads\/2025\/09\/20250823_05-768x512.jpg 768w, https:\/\/www.magyarkeresztur.hu\/wp-content\/uploads\/2025\/09\/20250823_05-300x200.jpg 300w, https:\/\/www.magyarkeresztur.hu\/wp-content\/uploads\/2025\/09\/20250823_05-1024x683.jpg 1024w, https:\/\/www.magyarkeresztur.hu\/wp-content\/uploads\/2025\/09\/20250823_05-1536x1024.jpg 1536w, https:\/\/www.magyarkeresztur.hu\/wp-content\/uploads\/2025\/09\/20250823_05.jpg 2048w\" sizes=\"(max-width: 768px) 100vw, 768px\" \/>\t\t\t\t<\/a>\n\t\t\t\t\t\t\t\n\t\t\t\t<a href=\"#\" data-mfp-src=\"https:\/\/www.magyarkeresztur.hu\/wp-content\/uploads\/2025\/09\/20250823_06-1024x683.jpg\" class=\"ha-image-grid__item ha-js-lightbox __fltr-1\">\n\t\t\t\t\t<img loading=\"lazy\" decoding=\"async\" width=\"768\" height=\"512\" src=\"https:\/\/www.magyarkeresztur.hu\/wp-content\/uploads\/2025\/09\/20250823_06-768x512.jpg\" class=\"elementor-animation-grow\" alt=\"\" srcset=\"https:\/\/www.magyarkeresztur.hu\/wp-content\/uploads\/2025\/09\/20250823_06-768x512.jpg 768w, https:\/\/www.magyarkeresztur.hu\/wp-content\/uploads\/2025\/09\/20250823_06-300x200.jpg 300w, https:\/\/www.magyarkeresztur.hu\/wp-content\/uploads\/2025\/09\/20250823_06-1024x683.jpg 1024w, https:\/\/www.magyarkeresztur.hu\/wp-content\/uploads\/2025\/09\/20250823_06-1536x1024.jpg 1536w, https:\/\/www.magyarkeresztur.hu\/wp-content\/uploads\/2025\/09\/20250823_06.jpg 2048w\" sizes=\"(max-width: 768px) 100vw, 768px\" \/>\t\t\t\t<\/a>\n\t\t\t\t\t\t\t\n\t\t\t\t<a href=\"#\" data-mfp-src=\"https:\/\/www.magyarkeresztur.hu\/wp-content\/uploads\/2025\/09\/20250823_03-1024x683.jpg\" class=\"ha-image-grid__item ha-js-lightbox __fltr-1\">\n\t\t\t\t\t<img loading=\"lazy\" decoding=\"async\" width=\"768\" height=\"512\" src=\"https:\/\/www.magyarkeresztur.hu\/wp-content\/uploads\/2025\/09\/20250823_03-768x512.jpg\" class=\"elementor-animation-grow\" alt=\"\" srcset=\"https:\/\/www.magyarkeresztur.hu\/wp-content\/uploads\/2025\/09\/20250823_03-768x512.jpg 768w, https:\/\/www.magyarkeresztur.hu\/wp-content\/uploads\/2025\/09\/20250823_03-300x200.jpg 300w, https:\/\/www.magyarkeresztur.hu\/wp-content\/uploads\/2025\/09\/20250823_03-1024x683.jpg 1024w, https:\/\/www.magyarkeresztur.hu\/wp-content\/uploads\/2025\/09\/20250823_03-1536x1024.jpg 1536w, https:\/\/www.magyarkeresztur.hu\/wp-content\/uploads\/2025\/09\/20250823_03.jpg 2048w\" sizes=\"(max-width: 768px) 100vw, 768px\" \/>\t\t\t\t<\/a>\n\t\t\t\t\t\t\t\n\t\t\t\t<a href=\"#\" data-mfp-src=\"https:\/\/www.magyarkeresztur.hu\/wp-content\/uploads\/2025\/09\/20250823_04-1024x683.jpg\" class=\"ha-image-grid__item ha-js-lightbox __fltr-1\">\n\t\t\t\t\t<img loading=\"lazy\" decoding=\"async\" width=\"768\" height=\"512\" src=\"https:\/\/www.magyarkeresztur.hu\/wp-content\/uploads\/2025\/09\/20250823_04-768x512.jpg\" class=\"elementor-animation-grow\" alt=\"\" srcset=\"https:\/\/www.magyarkeresztur.hu\/wp-content\/uploads\/2025\/09\/20250823_04-768x512.jpg 768w, https:\/\/www.magyarkeresztur.hu\/wp-content\/uploads\/2025\/09\/20250823_04-300x200.jpg 300w, https:\/\/www.magyarkeresztur.hu\/wp-content\/uploads\/2025\/09\/20250823_04-1024x683.jpg 1024w, https:\/\/www.magyarkeresztur.hu\/wp-content\/uploads\/2025\/09\/20250823_04-1536x1024.jpg 1536w, https:\/\/www.magyarkeresztur.hu\/wp-content\/uploads\/2025\/09\/20250823_04.jpg 2048w\" sizes=\"(max-width: 768px) 100vw, 768px\" \/>\t\t\t\t<\/a>\n\t\t\t\t\t\t\t\n\t\t\t\t<a href=\"#\" data-mfp-src=\"https:\/\/www.magyarkeresztur.hu\/wp-content\/uploads\/2025\/09\/20250823_13-1024x683.jpg\" class=\"ha-image-grid__item ha-js-lightbox __fltr-1\">\n\t\t\t\t\t<img loading=\"lazy\" decoding=\"async\" width=\"768\" height=\"512\" src=\"https:\/\/www.magyarkeresztur.hu\/wp-content\/uploads\/2025\/09\/20250823_13-768x512.jpg\" class=\"elementor-animation-grow\" alt=\"\" srcset=\"https:\/\/www.magyarkeresztur.hu\/wp-content\/uploads\/2025\/09\/20250823_13-768x512.jpg 768w, https:\/\/www.magyarkeresztur.hu\/wp-content\/uploads\/2025\/09\/20250823_13-300x200.jpg 300w, https:\/\/www.magyarkeresztur.hu\/wp-content\/uploads\/2025\/09\/20250823_13-1024x683.jpg 1024w, https:\/\/www.magyarkeresztur.hu\/wp-content\/uploads\/2025\/09\/20250823_13-1536x1024.jpg 1536w, https:\/\/www.magyarkeresztur.hu\/wp-content\/uploads\/2025\/09\/20250823_13.jpg 2048w\" sizes=\"(max-width: 768px) 100vw, 768px\" \/>\t\t\t\t<\/a>\n\t\t\t\t\t\t\t\n\t\t\t\t<a href=\"#\" data-mfp-src=\"https:\/\/www.magyarkeresztur.hu\/wp-content\/uploads\/2025\/09\/20250823_10-768x1024.jpg\" class=\"ha-image-grid__item ha-js-lightbox __fltr-1\">\n\t\t\t\t\t<img loading=\"lazy\" decoding=\"async\" width=\"768\" height=\"1024\" src=\"https:\/\/www.magyarkeresztur.hu\/wp-content\/uploads\/2025\/09\/20250823_10-768x1024.jpg\" class=\"elementor-animation-grow\" alt=\"\" srcset=\"https:\/\/www.magyarkeresztur.hu\/wp-content\/uploads\/2025\/09\/20250823_10-768x1024.jpg 768w, https:\/\/www.magyarkeresztur.hu\/wp-content\/uploads\/2025\/09\/20250823_10-225x300.jpg 225w, https:\/\/www.magyarkeresztur.hu\/wp-content\/uploads\/2025\/09\/20250823_10-1152x1536.jpg 1152w, https:\/\/www.magyarkeresztur.hu\/wp-content\/uploads\/2025\/09\/20250823_10.jpg 1536w\" sizes=\"(max-width: 768px) 100vw, 768px\" \/>\t\t\t\t<\/a>\n\t\t\t\t\t\t\t\n\t\t\t\t<a href=\"#\" data-mfp-src=\"https:\/\/www.magyarkeresztur.hu\/wp-content\/uploads\/2025\/09\/20250823_12-768x1024.jpg\" class=\"ha-image-grid__item ha-js-lightbox __fltr-1\">\n\t\t\t\t\t<img loading=\"lazy\" decoding=\"async\" width=\"768\" height=\"1024\" src=\"https:\/\/www.magyarkeresztur.hu\/wp-content\/uploads\/2025\/09\/20250823_12-768x1024.jpg\" class=\"elementor-animation-grow\" alt=\"\" srcset=\"https:\/\/www.magyarkeresztur.hu\/wp-content\/uploads\/2025\/09\/20250823_12-768x1024.jpg 768w, https:\/\/www.magyarkeresztur.hu\/wp-content\/uploads\/2025\/09\/20250823_12-225x300.jpg 225w, https:\/\/www.magyarkeresztur.hu\/wp-content\/uploads\/2025\/09\/20250823_12-1152x1536.jpg 1152w, https:\/\/www.magyarkeresztur.hu\/wp-content\/uploads\/2025\/09\/20250823_12.jpg 1536w\" sizes=\"(max-width: 768px) 100vw, 768px\" \/>\t\t\t\t<\/a>\n\t\t\t\t\t\t\t\n\t\t\t\t<a href=\"#\" data-mfp-src=\"https:\/\/www.magyarkeresztur.hu\/wp-content\/uploads\/2025\/09\/20250823_11-768x1024.jpg\" class=\"ha-image-grid__item ha-js-lightbox __fltr-1\">\n\t\t\t\t\t<img loading=\"lazy\" decoding=\"async\" width=\"768\" height=\"1024\" src=\"https:\/\/www.magyarkeresztur.hu\/wp-content\/uploads\/2025\/09\/20250823_11-768x1024.jpg\" class=\"elementor-animation-grow\" alt=\"\" srcset=\"https:\/\/www.magyarkeresztur.hu\/wp-content\/uploads\/2025\/09\/20250823_11-768x1024.jpg 768w, https:\/\/www.magyarkeresztur.hu\/wp-content\/uploads\/2025\/09\/20250823_11-225x300.jpg 225w, https:\/\/www.magyarkeresztur.hu\/wp-content\/uploads\/2025\/09\/20250823_11-1152x1536.jpg 1152w, https:\/\/www.magyarkeresztur.hu\/wp-content\/uploads\/2025\/09\/20250823_11.jpg 1536w\" sizes=\"(max-width: 768px) 100vw, 768px\" \/>\t\t\t\t<\/a>\n\t\t\t\t\t\t\t\n\t\t\t\t<a href=\"#\" data-mfp-src=\"https:\/\/www.magyarkeresztur.hu\/wp-content\/uploads\/2025\/09\/20250823_14-1024x768.jpg\" class=\"ha-image-grid__item ha-js-lightbox __fltr-1\">\n\t\t\t\t\t<img loading=\"lazy\" decoding=\"async\" width=\"768\" height=\"576\" src=\"https:\/\/www.magyarkeresztur.hu\/wp-content\/uploads\/2025\/09\/20250823_14-768x576.jpg\" class=\"elementor-animation-grow\" alt=\"\" srcset=\"https:\/\/www.magyarkeresztur.hu\/wp-content\/uploads\/2025\/09\/20250823_14-768x576.jpg 768w, https:\/\/www.magyarkeresztur.hu\/wp-content\/uploads\/2025\/09\/20250823_14-300x225.jpg 300w, https:\/\/www.magyarkeresztur.hu\/wp-content\/uploads\/2025\/09\/20250823_14-1024x768.jpg 1024w, https:\/\/www.magyarkeresztur.hu\/wp-content\/uploads\/2025\/09\/20250823_14-1536x1152.jpg 1536w, https:\/\/www.magyarkeresztur.hu\/wp-content\/uploads\/2025\/09\/20250823_14.jpg 2048w\" sizes=\"(max-width: 768px) 100vw, 768px\" \/>\t\t\t\t<\/a>\n\t\t\t\t\t<\/div>\n\n\t\t\t\t\t\t<\/div>\n\t\t\t\t\t<\/div>\n\t\t\t\t<\/div>\n\t\t\t\t<\/div>\n\t\t","protected":false},"excerpt":{"rendered":"<p>Falunap, Horg\u00e1szverseny \u00e9s Traktoros felvonul\u00e1s &#8211; 2025.08.23.<\/p>\n","protected":false},"author":1,"featured_media":0,"parent":0,"menu_order":0,"comment_status":"closed","ping_status":"closed","template":"","meta":{"zakra_page_container_layout":"customizer","zakra_page_sidebar_layout":"customizer","zakra_remove_content_margin":false,"zakra_sidebar":"customizer","zakra_transparent_header":"customizer","zakra_logo":0,"zakra_main_header_style":"default","zakra_menu_item_color":"","zakra_menu_item_hover_color":"","zakra_menu_item_active_color":"","zakra_menu_active_style":"","zakra_page_header":true,"footnotes":""},"class_list":["post-3457","page","type-page","status-publish","hentry"],"rttpg_featured_image_url":null,"rttpg_author":{"display_name":"mkr_admin","author_link":"https:\/\/www.magyarkeresztur.hu\/?author=1"},"rttpg_comment":0,"rttpg_category":null,"rttpg_excerpt":"Falunap, Horg\u00e1szverseny \u00e9s Traktoros felvonul\u00e1s &#8211; 2025.08.23.","_links":{"self":[{"href":"https:\/\/www.magyarkeresztur.hu\/index.php?rest_route=\/wp\/v2\/pages\/3457","targetHints":{"allow":["GET"]}}],"collection":[{"href":"https:\/\/www.magyarkeresztur.hu\/index.php?rest_route=\/wp\/v2\/pages"}],"about":[{"href":"https:\/\/www.magyarkeresztur.hu\/index.php?rest_route=\/wp\/v2\/types\/page"}],"author":[{"embeddable":true,"href":"https:\/\/www.magyarkeresztur.hu\/index.php?rest_route=\/wp\/v2\/users\/1"}],"replies":[{"embeddable":true,"href":"https:\/\/www.magyarkeresztur.hu\/index.php?rest_route=%2Fwp%2Fv2%2Fcomments&post=3457"}],"version-history":[{"count":7,"href":"https:\/\/www.magyarkeresztur.hu\/index.php?rest_route=\/wp\/v2\/pages\/3457\/revisions"}],"predecessor-version":[{"id":3481,"href":"https:\/\/www.magyarkeresztur.hu\/index.php?rest_route=\/wp\/v2\/pages\/3457\/revisions\/3481"}],"wp:attachment":[{"href":"https:\/\/www.magyarkeresztur.hu\/index.php?rest_route=%2Fwp%2Fv2%2Fmedia&parent=3457"}],"curies":[{"name":"wp","href":"https:\/\/api.w.org\/{rel}","templated":true}]}}