{"id":2591,"date":"2024-07-22T12:01:27","date_gmt":"2024-07-22T12:01:27","guid":{"rendered":"https:\/\/www.magyarkeresztur.hu\/?page_id=2591"},"modified":"2025-09-04T06:59:36","modified_gmt":"2025-09-04T06:59:36","slug":"galeria-2","status":"publish","type":"page","link":"https:\/\/www.magyarkeresztur.hu\/?page_id=2591","title":{"rendered":"Gal\u00e9ria"},"content":{"rendered":"\t\t<div data-elementor-type=\"wp-page\" data-elementor-id=\"2591\" class=\"elementor elementor-2591\" data-elementor-settings=\"{&quot;ha_cmc_init_switcher&quot;:&quot;no&quot;}\">\n\t\t\t\t<div class=\"elementor-element elementor-element-10bf78a e-flex e-con-boxed e-con e-parent\" data-id=\"10bf78a\" data-element_type=\"container\" data-settings=\"{&quot;_ha_eqh_enable&quot;:false}\">\n\t\t\t\t\t<div class=\"e-con-inner\">\n\t\t\t\t<div class=\"elementor-element elementor-element-dadc3ef elementor-widget elementor-widget-heading\" data-id=\"dadc3ef\" data-element_type=\"widget\" data-widget_type=\"heading.default\">\n\t\t\t\t\t<h2 class=\"elementor-heading-title elementor-size-default\">Gal\u00e9ria<\/h2>\t\t\t\t<\/div>\n\t\t\t\t\t<\/div>\n\t\t\t\t<\/div>\n\t\t<div class=\"elementor-element elementor-element-4de9d8a elementor-hidden-mobile e-flex e-con-boxed e-con e-parent\" data-id=\"4de9d8a\" data-element_type=\"container\" data-settings=\"{&quot;_ha_eqh_enable&quot;:false}\">\n\t\t\t\t\t<div class=\"e-con-inner\">\n\t\t\t\t<div class=\"elementor-element elementor-element-ee63694 elementor-widget elementor-widget-spacer\" data-id=\"ee63694\" data-element_type=\"widget\" data-widget_type=\"spacer.default\">\n\t\t\t\t\t\t\t<div class=\"elementor-spacer\">\n\t\t\t<div class=\"elementor-spacer-inner\"><\/div>\n\t\t<\/div>\n\t\t\t\t\t\t<\/div>\n\t\t\t\t\t<\/div>\n\t\t\t\t<\/div>\n\t\t<div class=\"elementor-element elementor-element-33b26e0 e-grid e-con-boxed e-con e-parent\" data-id=\"33b26e0\" data-element_type=\"container\" data-settings=\"{&quot;_ha_eqh_enable&quot;:false}\">\n\t\t\t\t\t<div class=\"e-con-inner\">\n\t\t\t\t<div class=\"elementor-element elementor-element-8d9254c content-align-cta-center elementor-widget elementor-widget-eael-cta-box\" data-id=\"8d9254c\" data-element_type=\"widget\" data-widget_type=\"eael-cta-box.default\">\n\t\t\t\t\t\t\t<div class=\"eael-call-to-action cta-basic bg-img cta-preset-1\">\n        <h4 class=\"sub-title\">2025.08.23<\/h4><h2 class=\"title eael-cta-heading\">Falunap \u00e9s horg\u00e1szverseny<br><br><\/h2><a href=\"https:\/\/www.magyarkeresztur.hu\/?page_id=3457\" class=\"cta-button cta-preset-1  \">Megtekint\u00e9s<\/a>\t<\/div>\n\t\t\t\t\t\t\t\t<\/div>\n\t\t\t\t<div class=\"elementor-element elementor-element-4292e5a elementor-widget elementor-widget-spacer\" data-id=\"4292e5a\" data-element_type=\"widget\" data-widget_type=\"spacer.default\">\n\t\t\t\t\t\t\t<div class=\"elementor-spacer\">\n\t\t\t<div class=\"elementor-spacer-inner\"><\/div>\n\t\t<\/div>\n\t\t\t\t\t\t<\/div>\n\t\t\t\t<div class=\"elementor-element elementor-element-73748ad content-align-cta-center elementor-widget elementor-widget-eael-cta-box\" data-id=\"73748ad\" data-element_type=\"widget\" data-widget_type=\"eael-cta-box.default\">\n\t\t\t\t\t\t\t<div class=\"eael-call-to-action cta-basic bg-img cta-preset-1\">\n        <h4 class=\"sub-title\">2024.07.11 - 07.14<\/h4><h2 class=\"title eael-cta-heading\">Kereszt\u00far Nev\u0171 Telep\u00fcl\u00e9sek XXIV. Nemzetk\u00f6zi Tal\u00e1lkoz\u00f3ja<\/h2><a href=\"https:\/\/www.magyarkeresztur.hu\/?page_id=2529\" class=\"cta-button cta-preset-1  \">Megtekint\u00e9s<\/a>\t<\/div>\n\t\t\t\t\t\t\t\t<\/div>\n\t\t\t\t\t<\/div>\n\t\t\t\t<\/div>\n\t\t\t\t<\/div>\n\t\t","protected":false},"excerpt":{"rendered":"<p>Gal\u00e9ria 2025.08.23 Falunap \u00e9s horg\u00e1szverseny Megtekint\u00e9s 2024.07.11 &#8211; 07.14 Kereszt\u00far Nev\u0171 Telep\u00fcl\u00e9sek XXIV. Nemzetk\u00f6zi Tal\u00e1lkoz\u00f3ja Megtekint\u00e9s<\/p>\n","protected":false},"author":1,"featured_media":0,"parent":0,"menu_order":0,"comment_status":"closed","ping_status":"closed","template":"","meta":{"zakra_page_container_layout":"customizer","zakra_page_sidebar_layout":"customizer","zakra_remove_content_margin":false,"zakra_sidebar":"customizer","zakra_transparent_header":"customizer","zakra_logo":0,"zakra_main_header_style":"default","zakra_menu_item_color":"","zakra_menu_item_hover_color":"","zakra_menu_item_active_color":"","zakra_menu_active_style":"","zakra_page_header":true,"footnotes":""},"class_list":["post-2591","page","type-page","status-publish","hentry"],"rttpg_featured_image_url":null,"rttpg_author":{"display_name":"mkr_admin","author_link":"https:\/\/www.magyarkeresztur.hu\/?author=1"},"rttpg_comment":0,"rttpg_category":null,"rttpg_excerpt":"Gal\u00e9ria 2025.08.23 Falunap \u00e9s horg\u00e1szverseny Megtekint\u00e9s 2024.07.11 &#8211; 07.14 Kereszt\u00far Nev\u0171 Telep\u00fcl\u00e9sek XXIV. Nemzetk\u00f6zi Tal\u00e1lkoz\u00f3ja Megtekint\u00e9s","_links":{"self":[{"href":"https:\/\/www.magyarkeresztur.hu\/index.php?rest_route=\/wp\/v2\/pages\/2591","targetHints":{"allow":["GET"]}}],"collection":[{"href":"https:\/\/www.magyarkeresztur.hu\/index.php?rest_route=\/wp\/v2\/pages"}],"about":[{"href":"https:\/\/www.magyarkeresztur.hu\/index.php?rest_route=\/wp\/v2\/types\/page"}],"author":[{"embeddable":true,"href":"https:\/\/www.magyarkeresztur.hu\/index.php?rest_route=\/wp\/v2\/users\/1"}],"replies":[{"embeddable":true,"href":"https:\/\/www.magyarkeresztur.hu\/index.php?rest_route=%2Fwp%2Fv2%2Fcomments&post=2591"}],"version-history":[{"count":21,"href":"https:\/\/www.magyarkeresztur.hu\/index.php?rest_route=\/wp\/v2\/pages\/2591\/revisions"}],"predecessor-version":[{"id":3478,"href":"https:\/\/www.magyarkeresztur.hu\/index.php?rest_route=\/wp\/v2\/pages\/2591\/revisions\/3478"}],"wp:attachment":[{"href":"https:\/\/www.magyarkeresztur.hu\/index.php?rest_route=%2Fwp%2Fv2%2Fmedia&parent=2591"}],"curies":[{"name":"wp","href":"https:\/\/api.w.org\/{rel}","templated":true}]}}