{"id":2333,"date":"2024-04-08T17:38:34","date_gmt":"2024-04-08T17:38:34","guid":{"rendered":"https:\/\/www.magyarkeresztur.hu\/?page_id=2333"},"modified":"2025-08-28T12:18:39","modified_gmt":"2025-08-28T12:18:39","slug":"impresszum","status":"publish","type":"page","link":"https:\/\/www.magyarkeresztur.hu\/?page_id=2333","title":{"rendered":"IMPRESSZUM"},"content":{"rendered":"\t\t<div data-elementor-type=\"wp-page\" data-elementor-id=\"2333\" class=\"elementor elementor-2333\" data-elementor-settings=\"{&quot;ha_cmc_init_switcher&quot;:&quot;no&quot;}\">\n\t\t\t\t<div class=\"elementor-element elementor-element-0a10f75 e-flex e-con-boxed e-con e-parent\" data-id=\"0a10f75\" data-element_type=\"container\" data-settings=\"{&quot;_ha_eqh_enable&quot;:false}\">\n\t\t\t\t\t<div class=\"e-con-inner\">\n\t\t\t\t<div class=\"elementor-element elementor-element-62f662a elementor-widget elementor-widget-heading\" data-id=\"62f662a\" data-element_type=\"widget\" data-widget_type=\"heading.default\">\n\t\t\t\t\t<h2 class=\"elementor-heading-title elementor-size-default\">IMPRESSZUM<\/h2>\t\t\t\t<\/div>\n\t\t\t\t\t<\/div>\n\t\t\t\t<\/div>\n\t\t<div class=\"elementor-element elementor-element-fde8cb7 e-flex e-con-boxed e-con e-parent\" data-id=\"fde8cb7\" data-element_type=\"container\" data-settings=\"{&quot;_ha_eqh_enable&quot;:false}\">\n\t\t\t\t\t<div class=\"e-con-inner\">\n\t\t\t\t<div class=\"elementor-element elementor-element-9651550 elementor-widget elementor-widget-spacer\" data-id=\"9651550\" data-element_type=\"widget\" data-widget_type=\"spacer.default\">\n\t\t\t\t\t\t\t<div class=\"elementor-spacer\">\n\t\t\t<div class=\"elementor-spacer-inner\"><\/div>\n\t\t<\/div>\n\t\t\t\t\t\t<\/div>\n\t\t\t\t\t<\/div>\n\t\t\t\t<\/div>\n\t\t<div class=\"elementor-element elementor-element-4d99c5c e-flex e-con-boxed e-con e-parent\" data-id=\"4d99c5c\" data-element_type=\"container\" data-settings=\"{&quot;_ha_eqh_enable&quot;:false}\">\n\t\t\t\t\t<div class=\"e-con-inner\">\n\t\t<div class=\"elementor-element elementor-element-33c7156 e-con-full e-flex e-con e-child\" data-id=\"33c7156\" data-element_type=\"container\" data-settings=\"{&quot;_ha_eqh_enable&quot;:false}\">\n\t\t\t\t<div class=\"elementor-element elementor-element-766014b elementor-widget__width-initial elementor-hidden-mobile elementor-widget elementor-widget-text-editor\" data-id=\"766014b\" data-element_type=\"widget\" data-widget_type=\"text-editor.default\">\n\t\t\t\t\t\t\t\t\t<p>N\u00e9v:<br \/>Telefonsz\u00e1m:<br \/>Email c\u00edm:<br \/>Ad\u00f3sz\u00e1m:<\/p>\t\t\t\t\t\t\t\t<\/div>\n\t\t\t\t<\/div>\n\t\t<div class=\"elementor-element elementor-element-1db700c e-con-full e-flex e-con e-child\" data-id=\"1db700c\" data-element_type=\"container\" data-settings=\"{&quot;_ha_eqh_enable&quot;:false}\">\n\t\t\t\t<div class=\"elementor-element elementor-element-2121284 elementor-widget elementor-widget-text-editor\" data-id=\"2121284\" data-element_type=\"widget\" data-widget_type=\"text-editor.default\">\n\t\t\t\t\t\t\t\t\t<p>Magyarkereszt\u00far K\u00f6zs\u00e9g \u00d6nkorm\u00e1ynzata<br \/>+3696 253 218; +36 30 658 1423<br \/><a href=\"mailto:info@magyarkeresztur.hu\">info@magyarkeresztur.hu<\/a><br \/>15370464-1-08<\/p>\t\t\t\t\t\t\t\t<\/div>\n\t\t\t\t<\/div>\n\t\t\t\t\t<\/div>\n\t\t\t\t<\/div>\n\t\t<div class=\"elementor-element elementor-element-1855ba1 e-flex e-con-boxed e-con e-parent\" data-id=\"1855ba1\" data-element_type=\"container\" data-settings=\"{&quot;_ha_eqh_enable&quot;:false}\">\n\t\t\t\t\t<div class=\"e-con-inner\">\n\t\t\t\t<div class=\"elementor-element elementor-element-186c08a elementor-widget elementor-widget-spacer\" data-id=\"186c08a\" data-element_type=\"widget\" data-widget_type=\"spacer.default\">\n\t\t\t\t\t\t\t<div class=\"elementor-spacer\">\n\t\t\t<div class=\"elementor-spacer-inner\"><\/div>\n\t\t<\/div>\n\t\t\t\t\t\t<\/div>\n\t\t\t\t\t<\/div>\n\t\t\t\t<\/div>\n\t\t<div class=\"elementor-element elementor-element-36b98a4 e-flex e-con-boxed e-con e-parent\" data-id=\"36b98a4\" data-element_type=\"container\" data-settings=\"{&quot;_ha_eqh_enable&quot;:false}\">\n\t\t\t\t\t<div class=\"e-con-inner\">\n\t\t\t\t<div class=\"elementor-element elementor-element-f38a048 elementor-widget elementor-widget-heading\" data-id=\"f38a048\" data-element_type=\"widget\" data-widget_type=\"heading.default\">\n\t\t\t\t\t<h2 class=\"elementor-heading-title elementor-size-default\">Webt\u00e1rhely szolg\u00e1ltat\u00f3<\/h2>\t\t\t\t<\/div>\n\t\t\t\t\t<\/div>\n\t\t\t\t<\/div>\n\t\t<div class=\"elementor-element elementor-element-1738262 e-con-full e-flex e-con e-parent\" data-id=\"1738262\" data-element_type=\"container\" data-settings=\"{&quot;_ha_eqh_enable&quot;:false}\">\n\t\t<div class=\"elementor-element elementor-element-6dd64df e-con-full e-flex e-con e-child\" data-id=\"6dd64df\" data-element_type=\"container\" data-settings=\"{&quot;_ha_eqh_enable&quot;:false}\">\n\t\t\t\t<div class=\"elementor-element elementor-element-d300459 elementor-hidden-mobile elementor-widget__width-initial elementor-widget elementor-widget-text-editor\" data-id=\"d300459\" data-element_type=\"widget\" data-widget_type=\"text-editor.default\">\n\t\t\t\t\t\t\t\t\t<p>N\u00e9v:<br \/>C\u00edm:<br \/>Ad\u00f3sz\u00e1m:<br \/>K\u00f6z\u00f6ss\u00e9gi ad\u00f3sz\u00e1m:<\/p>\t\t\t\t\t\t\t\t<\/div>\n\t\t\t\t<\/div>\n\t\t<div class=\"elementor-element elementor-element-521e225 e-con-full e-flex e-con e-child\" data-id=\"521e225\" data-element_type=\"container\" data-settings=\"{&quot;_ha_eqh_enable&quot;:false}\">\n\t\t\t\t<div class=\"elementor-element elementor-element-756d72f elementor-widget elementor-widget-text-editor\" data-id=\"756d72f\" data-element_type=\"widget\" data-widget_type=\"text-editor.default\">\n\t\t\t\t\t\t\t\t\t<p>T\u00e1rhely.Eu Szolg\u00e1ltat\u00f3 Kft.<br \/>1144 \u2013 Budapest, Orm\u00e1ns\u00e1g u. 4.<br \/>14571332-2-42<br \/>HU14571332<\/p>\t\t\t\t\t\t\t\t<\/div>\n\t\t\t\t<\/div>\n\t\t\t\t<\/div>\n\t\t\t\t<\/div>\n\t\t","protected":false},"excerpt":{"rendered":"<p>IMPRESSZUM N\u00e9v:Telefonsz\u00e1m:Email c\u00edm:Ad\u00f3sz\u00e1m: Magyarkereszt\u00far K\u00f6zs\u00e9g \u00d6nkorm\u00e1ynzata+3696 253 218; +36 30 658 1423info@magyarkeresztur.hu15370464-1-08 Webt\u00e1rhely szolg\u00e1ltat\u00f3 N\u00e9v:C\u00edm:Ad\u00f3sz\u00e1m:K\u00f6z\u00f6ss\u00e9gi ad\u00f3sz\u00e1m: T\u00e1rhely.Eu Szolg\u00e1ltat\u00f3 Kft.1144 \u2013 Budapest, Orm\u00e1ns\u00e1g u. 4.14571332-2-42HU14571332<\/p>\n","protected":false},"author":1,"featured_media":0,"parent":0,"menu_order":0,"comment_status":"closed","ping_status":"closed","template":"","meta":{"zakra_page_container_layout":"customizer","zakra_page_sidebar_layout":"customizer","zakra_remove_content_margin":false,"zakra_sidebar":"customizer","zakra_transparent_header":"customizer","zakra_logo":0,"zakra_main_header_style":"default","zakra_menu_item_color":"","zakra_menu_item_hover_color":"","zakra_menu_item_active_color":"","zakra_menu_active_style":"","zakra_page_header":true,"footnotes":""},"class_list":["post-2333","page","type-page","status-publish","hentry"],"rttpg_featured_image_url":null,"rttpg_author":{"display_name":"mkr_admin","author_link":"https:\/\/www.magyarkeresztur.hu\/?author=1"},"rttpg_comment":0,"rttpg_category":null,"rttpg_excerpt":"IMPRESSZUM N\u00e9v:Telefonsz\u00e1m:Email c\u00edm:Ad\u00f3sz\u00e1m: Magyarkereszt\u00far K\u00f6zs\u00e9g \u00d6nkorm\u00e1ynzata+3696 253 218; +36 30 658 1423info@magyarkeresztur.hu15370464-1-08 Webt\u00e1rhely szolg\u00e1ltat\u00f3 N\u00e9v:C\u00edm:Ad\u00f3sz\u00e1m:K\u00f6z\u00f6ss\u00e9gi ad\u00f3sz\u00e1m: T\u00e1rhely.Eu Szolg\u00e1ltat\u00f3 Kft.1144 \u2013 Budapest, Orm\u00e1ns\u00e1g u. 4.14571332-2-42HU14571332","_links":{"self":[{"href":"https:\/\/www.magyarkeresztur.hu\/index.php?rest_route=\/wp\/v2\/pages\/2333","targetHints":{"allow":["GET"]}}],"collection":[{"href":"https:\/\/www.magyarkeresztur.hu\/index.php?rest_route=\/wp\/v2\/pages"}],"about":[{"href":"https:\/\/www.magyarkeresztur.hu\/index.php?rest_route=\/wp\/v2\/types\/page"}],"author":[{"embeddable":true,"href":"https:\/\/www.magyarkeresztur.hu\/index.php?rest_route=\/wp\/v2\/users\/1"}],"replies":[{"embeddable":true,"href":"https:\/\/www.magyarkeresztur.hu\/index.php?rest_route=%2Fwp%2Fv2%2Fcomments&post=2333"}],"version-history":[{"count":15,"href":"https:\/\/www.magyarkeresztur.hu\/index.php?rest_route=\/wp\/v2\/pages\/2333\/revisions"}],"predecessor-version":[{"id":3440,"href":"https:\/\/www.magyarkeresztur.hu\/index.php?rest_route=\/wp\/v2\/pages\/2333\/revisions\/3440"}],"wp:attachment":[{"href":"https:\/\/www.magyarkeresztur.hu\/index.php?rest_route=%2Fwp%2Fv2%2Fmedia&parent=2333"}],"curies":[{"name":"wp","href":"https:\/\/api.w.org\/{rel}","templated":true}]}}