{"id":2294,"date":"2024-04-06T08:07:48","date_gmt":"2024-04-06T08:07:48","guid":{"rendered":"https:\/\/www.magyarkeresztur.hu\/?page_id=2294"},"modified":"2025-08-25T11:34:22","modified_gmt":"2025-08-25T11:34:22","slug":"2024-evi-valasztasok","status":"publish","type":"page","link":"https:\/\/www.magyarkeresztur.hu\/?page_id=2294","title":{"rendered":"2024. \u00e9vi v\u00e1laszt\u00e1sok"},"content":{"rendered":"\t\t<div data-elementor-type=\"wp-page\" data-elementor-id=\"2294\" class=\"elementor elementor-2294\" data-elementor-settings=\"{&quot;ha_cmc_init_switcher&quot;:&quot;no&quot;}\">\n\t\t\t\t<div class=\"elementor-element elementor-element-fbf4fa2 e-grid e-con-boxed e-con e-parent\" data-id=\"fbf4fa2\" data-element_type=\"container\" data-settings=\"{&quot;_ha_eqh_enable&quot;:false}\">\n\t\t\t\t\t<div class=\"e-con-inner\">\n\t\t\t\t<div class=\"elementor-element elementor-element-b1427c4 elementor-widget elementor-widget-heading\" data-id=\"b1427c4\" data-element_type=\"widget\" data-widget_type=\"heading.default\">\n\t\t\t\t\t<h2 class=\"elementor-heading-title elementor-size-default\">2024. \u00e9vi v\u00e1laszt\u00e1sok<\/h2>\t\t\t\t<\/div>\n\t\t\t\t\t<\/div>\n\t\t\t\t<\/div>\n\t\t<div class=\"elementor-element elementor-element-e53738e e-flex e-con-boxed e-con e-parent\" data-id=\"e53738e\" data-element_type=\"container\" data-settings=\"{&quot;_ha_eqh_enable&quot;:false}\">\n\t\t\t\t\t<div class=\"e-con-inner\">\n\t\t<div class=\"elementor-element elementor-element-8acc90a e-flex e-con-boxed e-con e-child\" data-id=\"8acc90a\" data-element_type=\"container\" data-settings=\"{&quot;_ha_eqh_enable&quot;:false}\">\n\t\t\t\t\t<div class=\"e-con-inner\">\n\t\t\t\t<div class=\"elementor-element elementor-element-9bbb18b elementor-widget elementor-widget-text-editor\" data-id=\"9bbb18b\" data-element_type=\"widget\" data-widget_type=\"text-editor.default\">\n\t\t\t\t\t\t\t\t\t<p>Helyi V\u00e1laszt\u00e1si Bizotts\u00e1g d\u00f6nt\u00e9sei:\u00a0<\/p><p>\u00a0 \u00a0 \u00a0 \u00a0 <a href=\"https:\/\/www.magyarkeresztur.hu\/wp-content\/uploads\/2024\/04\/MK_HVB_1_2024_hat_hl.pdf\" target=\"_blank\" rel=\"noopener\">Magyarkereszt\u00far K\u00f6zs\u00e9g Helyi V\u00e1laszt\u00e1si Bizotts\u00e1ga 1\/2024. (IV.24.) sz\u00e1m\u00fa hat\u00e1rozata<\/a><br \/>\u00a0 \u00a0 \u00a0 \u00a0 <a href=\"https:\/\/www.magyarkeresztur.hu\/wp-content\/uploads\/2024\/04\/MK_HVB_2_2024_hat_hl.pdf\" target=\"_blank\" rel=\"noopener\">Magyarkereszt\u00far K\u00f6zs\u00e9g Helyi V\u00e1laszt\u00e1si Bizotts\u00e1ga 2\/2024. (IV.24.) sz\u00e1m\u00fa hat\u00e1rozata<\/a><br \/>\u00a0 \u00a0 \u00a0 \u00a0<a href=\"https:\/\/www.magyarkeresztur.hu\/wp-content\/uploads\/2024\/04\/MK_HVB_3_2024_hat_hl.pdf\" target=\"_blank\" rel=\"noopener\">Magyarkereszt\u00far K\u00f6zs\u00e9g Helyi V\u00e1laszt\u00e1si Bizotts\u00e1ga 3\/2024. (IV.24.) sz\u00e1m\u00fa hat\u00e1rozata<\/a><br \/><a href=\"https:\/\/www.magyarkeresztur.hu\/wp-content\/uploads\/2024\/05\/MK_4_2024_hat_hl.pdf\" target=\"_blank\" rel=\"noopener\">\u00a0 \u00a0 \u00a0 \u00a0Magyarkereszt\u00far K\u00f6zs\u00e9g Helyi V\u00e1laszt\u00e1si Bizotts\u00e1ga 4\/2024. (V.3.) sz\u00e1m\u00fa hat\u00e1rozata<\/a><br \/><a href=\"https:\/\/www.magyarkeresztur.hu\/wp-content\/uploads\/2024\/05\/MK_5_2024_hat_hl.pdf\" target=\"_blank\" rel=\"noopener\">\u00a0 \u00a0 \u00a0 \u00a0Magyarkereszt\u00far K\u00f6zs\u00e9g Helyi V\u00e1laszt\u00e1si Bizotts\u00e1ga 5\/2024. (V.3.) sz\u00e1m\u00fa hat\u00e1rozata<\/a><br \/><a href=\"https:\/\/www.magyarkeresztur.hu\/wp-content\/uploads\/2024\/05\/MK_6_2024_hat_hl.pdf\" target=\"_blank\" rel=\"noopener\">\u00a0 \u00a0 \u00a0 \u00a0Magyarkereszt\u00far K\u00f6zs\u00e9g Helyi V\u00e1laszt\u00e1si Bizotts\u00e1ga 6\/2024. (V.3.) sz\u00e1m\u00fa hat\u00e1rozata<\/a><br \/><a href=\"https:\/\/www.magyarkeresztur.hu\/wp-content\/uploads\/2024\/05\/MK_7_2024_hat_hl.pdf\" target=\"_blank\" rel=\"noopener\">\u00a0 \u00a0 \u00a0 \u00a0Magyarkereszt\u00far K\u00f6zs\u00e9g Helyi V\u00e1laszt\u00e1si Bizotts\u00e1ga 7\/2024. (V.3.) sz\u00e1m\u00fa hat\u00e1rozata<\/a><br \/><a href=\"https:\/\/www.magyarkeresztur.hu\/wp-content\/uploads\/2024\/05\/MK_8_2024_hat_hl.pdf\" target=\"_blank\" rel=\"noopener\">\u00a0 \u00a0 \u00a0 \u00a0Magyarkereszt\u00far K\u00f6zs\u00e9g Helyi V\u00e1laszt\u00e1si Bizotts\u00e1ga 8\/2024. (V.3.) sz\u00e1m\u00fa hat\u00e1rozata<\/a><br \/><a href=\"https:\/\/www.magyarkeresztur.hu\/wp-content\/uploads\/2024\/05\/MK_9_2024_hat_hl.pdf\" target=\"_blank\" rel=\"noopener\">\u00a0 \u00a0 \u00a0 \u00a0Magyarkereszt\u00far K\u00f6zs\u00e9g Helyi V\u00e1laszt\u00e1si Bizotts\u00e1ga 9\/2024. (V.3.) sz\u00e1m\u00fa hat\u00e1rozata<\/a><br \/><a href=\"https:\/\/www.magyarkeresztur.hu\/wp-content\/uploads\/2024\/05\/MK_10_2024_hat.pdf\" target=\"_blank\" rel=\"noopener\">\u00a0 \u00a0 \u00a0 \u00a0Magyarkereszt\u00far K\u00f6zs\u00e9g Helyi V\u00e1laszt\u00e1si Bizotts\u00e1ga 10\/2024. (V.6.) sz\u00e1m\u00fa hat\u00e1rozata<\/a><br \/>\u00a0 \u00a0 \u00a0 \u00a0<a href=\"https:\/\/www.magyarkeresztur.hu\/wp-content\/uploads\/2024\/05\/MK_11_2024_hat.pdf\">Magyarkereszt\u00far K\u00f6zs\u00e9g Helyi V\u00e1laszt\u00e1si Bizotts\u00e1ga 11\/2024. (V.14.) sz\u00e1m\u00fa hat\u00e1rozata<\/a><br \/>\u00a0 \u00a0 \u00a0 \u00a0<a href=\"https:\/\/www.magyarkeresztur.hu\/wp-content\/uploads\/2024\/05\/MK_12_2024_hat.pdf\">Magyarkereszt\u00far K\u00f6zs\u00e9g Helyi V\u00e1laszt\u00e1si Bizotts\u00e1ga 12\/2024. (V.14.) sz\u00e1m\u00fa hat\u00e1rozata<\/a><\/p><p><a style=\"font-family: var( --e-global-typography-text-font-family ), Sans-serif; font-weight: var( --e-global-typography-text-font-weight ); text-align: var(--text-align); background-color: #ffffff; letter-spacing: 0.01em;\" href=\"https:\/\/www.magyarkeresztur.hu\/wp-content\/uploads\/2024\/06\/MK_PM_Eredmeny_hatarozat.pdf\" target=\"_blank\" rel=\"noopener\">\u00a0 \u00a0 \u00a0 \u00a0Magyarkereszt\u00far Helyi V\u00e1laszt\u00e1si Bizotts\u00e1g 12\/2024. (VI.9) sz\u00e1m\u00fa hat\u00e1rozata a polg\u00e1rmester v\u00e1laszt\u00e1s eredm\u00e9ny\u00e9nek meg\u00e1llap\u00edt\u00e1s\u00e1r\u00f3l<\/a><br \/>\u00a0 \u00a0 \u00a0 \u00a0<a href=\"https:\/\/www.magyarkeresztur.hu\/wp-content\/uploads\/2024\/06\/MK_EL_Eredmeny_hatarozat.pdf\" target=\"_blank\" rel=\"noopener\">Magyarkereszt\u00far Helyi V\u00e1laszt\u00e1si Bizotts\u00e1g 14\/2024. (IV.9.) sz\u00e1m\u00fa hat\u00e1rozata a helyi \u00f6nkorm\u00e1nyzati k\u00e9pvisel\u0151k v\u00e1laszt\u00e1si eredm\u00e9ny\u00e9nek meg\u00e1llap\u00edt\u00e1s\u00e1r\u00f3l<\/a><\/p>\t\t\t\t\t\t\t\t<\/div>\n\t\t\t\t\t<\/div>\n\t\t\t\t<\/div>\n\t\t\t\t\t<\/div>\n\t\t\t\t<\/div>\n\t\t\t\t<\/div>\n\t\t","protected":false},"excerpt":{"rendered":"<p>2024. \u00e9vi v\u00e1laszt\u00e1sok Helyi V\u00e1laszt\u00e1si Bizotts\u00e1g d\u00f6nt\u00e9sei:\u00a0 \u00a0 \u00a0 \u00a0 \u00a0 Magyarkereszt\u00far K\u00f6zs\u00e9g Helyi V\u00e1laszt\u00e1si Bizotts\u00e1ga 1\/2024. (IV.24.) sz\u00e1m\u00fa hat\u00e1rozata\u00a0 \u00a0 \u00a0 \u00a0 Magyarkereszt\u00far K\u00f6zs\u00e9g Helyi V\u00e1laszt\u00e1si Bizotts\u00e1ga 2\/2024. (IV.24.) sz\u00e1m\u00fa hat\u00e1rozata\u00a0 \u00a0 \u00a0 \u00a0Magyarkereszt\u00far K\u00f6zs\u00e9g Helyi V\u00e1laszt\u00e1si Bizotts\u00e1ga 3\/2024. (IV.24.) sz\u00e1m\u00fa hat\u00e1rozata\u00a0 \u00a0 \u00a0 \u00a0Magyarkereszt\u00far K\u00f6zs\u00e9g Helyi V\u00e1laszt\u00e1si Bizotts\u00e1ga 4\/2024. (V.3.) sz\u00e1m\u00fa hat\u00e1rozata\u00a0 \u00a0 [&hellip;]<\/p>\n","protected":false},"author":1,"featured_media":0,"parent":0,"menu_order":0,"comment_status":"closed","ping_status":"closed","template":"","meta":{"zakra_page_container_layout":"customizer","zakra_page_sidebar_layout":"customizer","zakra_remove_content_margin":false,"zakra_sidebar":"customizer","zakra_transparent_header":"customizer","zakra_logo":0,"zakra_main_header_style":"default","zakra_menu_item_color":"","zakra_menu_item_hover_color":"","zakra_menu_item_active_color":"","zakra_menu_active_style":"","zakra_page_header":true,"footnotes":""},"class_list":["post-2294","page","type-page","status-publish","hentry"],"rttpg_featured_image_url":null,"rttpg_author":{"display_name":"mkr_admin","author_link":"https:\/\/www.magyarkeresztur.hu\/?author=1"},"rttpg_comment":0,"rttpg_category":null,"rttpg_excerpt":"2024. \u00e9vi v\u00e1laszt\u00e1sok Helyi V\u00e1laszt\u00e1si Bizotts\u00e1g d\u00f6nt\u00e9sei:\u00a0 \u00a0 \u00a0 \u00a0 \u00a0 Magyarkereszt\u00far K\u00f6zs\u00e9g Helyi V\u00e1laszt\u00e1si Bizotts\u00e1ga 1\/2024. (IV.24.) sz\u00e1m\u00fa hat\u00e1rozata\u00a0 \u00a0 \u00a0 \u00a0 Magyarkereszt\u00far K\u00f6zs\u00e9g Helyi V\u00e1laszt\u00e1si Bizotts\u00e1ga 2\/2024. (IV.24.) sz\u00e1m\u00fa hat\u00e1rozata\u00a0 \u00a0 \u00a0 \u00a0Magyarkereszt\u00far K\u00f6zs\u00e9g Helyi V\u00e1laszt\u00e1si Bizotts\u00e1ga 3\/2024. (IV.24.) sz\u00e1m\u00fa hat\u00e1rozata\u00a0 \u00a0 \u00a0 \u00a0Magyarkereszt\u00far K\u00f6zs\u00e9g Helyi V\u00e1laszt\u00e1si Bizotts\u00e1ga 4\/2024. (V.3.) sz\u00e1m\u00fa hat\u00e1rozata\u00a0 \u00a0&hellip;","_links":{"self":[{"href":"https:\/\/www.magyarkeresztur.hu\/index.php?rest_route=\/wp\/v2\/pages\/2294","targetHints":{"allow":["GET"]}}],"collection":[{"href":"https:\/\/www.magyarkeresztur.hu\/index.php?rest_route=\/wp\/v2\/pages"}],"about":[{"href":"https:\/\/www.magyarkeresztur.hu\/index.php?rest_route=\/wp\/v2\/types\/page"}],"author":[{"embeddable":true,"href":"https:\/\/www.magyarkeresztur.hu\/index.php?rest_route=\/wp\/v2\/users\/1"}],"replies":[{"embeddable":true,"href":"https:\/\/www.magyarkeresztur.hu\/index.php?rest_route=%2Fwp%2Fv2%2Fcomments&post=2294"}],"version-history":[{"count":4,"href":"https:\/\/www.magyarkeresztur.hu\/index.php?rest_route=\/wp\/v2\/pages\/2294\/revisions"}],"predecessor-version":[{"id":3681,"href":"https:\/\/www.magyarkeresztur.hu\/index.php?rest_route=\/wp\/v2\/pages\/2294\/revisions\/3681"}],"wp:attachment":[{"href":"https:\/\/www.magyarkeresztur.hu\/index.php?rest_route=%2Fwp%2Fv2%2Fmedia&parent=2294"}],"curies":[{"name":"wp","href":"https:\/\/api.w.org\/{rel}","templated":true}]}}